{"id":22,"date":"2016-08-12T19:22:55","date_gmt":"2016-08-12T17:22:55","guid":{"rendered":"http:\/\/theoretikerclub.de\/?page_id=22"},"modified":"2016-08-18T21:34:29","modified_gmt":"2016-08-18T19:34:29","slug":"illustration-und-autor","status":"publish","type":"page","link":"http:\/\/theoretikerclub.de\/index.php\/illustration-und-autor\/","title":{"rendered":"Illustration und Autor"},"content":{"rendered":"<p><img loading=\"lazy\" class=\"alignnone size-medium wp-image-25\" src=\"http:\/\/theoretikerclub.de\/wp-content\/uploads\/2016\/08\/Illu-Autor-257x300.jpg\" alt=\"Illu-Autor\" width=\"257\" height=\"300\" srcset=\"http:\/\/theoretikerclub.de\/wp-content\/uploads\/2016\/08\/Illu-Autor-257x300.jpg 257w, http:\/\/theoretikerclub.de\/wp-content\/uploads\/2016\/08\/Illu-Autor.jpg 378w\" sizes=\"(max-width: 257px) 100vw, 257px\" \/><\/p>\n<p><strong>Ilustration: Vera Schmidt<\/strong><\/p>\n<p>Vera Schmidt studierte Kommunikationsdesign in Augsburg und arbeitet<img loading=\"lazy\" class=\"size-medium wp-image-107 alignright\" src=\"http:\/\/theoretikerclub.de\/wp-content\/uploads\/2016\/08\/Logo_VeraSchmidt-300x116.jpg\" alt=\"Druck\" width=\"300\" height=\"116\" srcset=\"http:\/\/theoretikerclub.de\/wp-content\/uploads\/2016\/08\/Logo_VeraSchmidt-300x116.jpg 300w, http:\/\/theoretikerclub.de\/wp-content\/uploads\/2016\/08\/Logo_VeraSchmidt.jpg 350w\" sizes=\"(max-width: 300px) 100vw, 300px\" \/>e anschlie\u00dfend in einer gro\u00dfen Werbeagentur in Frankfurt a. M. Dann folgte sie ihrem Herzen und machte sich 2004 als Illustratorin selbstst\u00e4ndig. Sie liebt es, Ideen und Geschichten in Bilder zu verwandeln, Charaktere und neue Welten zu erschaffen und erfreut sich an wundersch\u00f6nen, schr\u00e4gen kleinen Dingen und Situationen. Ihre Illustrationen wurden in Kinderb\u00fcchern, Schulb\u00fcchern, Kalendern, auf Webseiten und vielem mehr ver\u00f6ffentlicht.<\/p>\n<p><a href=\"http:\/\/www.veraschmidt-illustration.com\">Vera Schmidt&#8217;s Homepage<\/a><\/p>\n<p><strong>Text: Anja Janotta<\/strong><\/p>\n<p>Anja Janotta, geboren 1970, verbrachte ihre Kindheit in Saudi Arabien und Algerien und wusste bereits fr\u00fch, dass sie Kinderbuchautorin werden wollte. In M\u00fcnchen studierte sie zun\u00e4chst Diplom-Journalistik und arbeitet heute als Online-Redakteurin. Daneben schreibt sie Kinder- und Jugendb\u00fccher (u.a. &#8222;Linkslesest\u00e4rke&#8220;). Anja Janotta lebt mit Mann und zwei Kindern an einem See in Oberbayern und l\u00e4sst sich von den Geschichten an ihrem K\u00fcchentisch gern inspirieren. F\u00fcr den Theoretikerclub steuerte Sohn Jonas ganz viele Ideen bei.<\/p>\n<p><a href=\"http:\/\/www.anja-janotta.de\">Anja Janotta&#8217;s Homepage<\/a><\/p>\n<p>Mehr zu der Hintergrundidee: <a href=\"http:\/\/theoretikerclub.de\/wp-content\/uploads\/2016\/08\/Presseinfos_Theoretikerclub.pdf\">Presseinfos_Theoretikerclub<\/a><\/p>\n","protected":false},"excerpt":{"rendered":"<p>Ilustration: Vera Schmidt Vera Schmidt studierte Kommunikationsdesign in Augsburg und arbeitete anschlie\u00dfend in einer gro\u00dfen Werbeagentur in Frankfurt a. M. Dann folgte sie ihrem Herzen und machte sich 2004 als <a class=\"more-link\" href=\"http:\/\/theoretikerclub.de\/index.php\/illustration-und-autor\/\">Continue Reading \u2192<\/a><\/p>\n","protected":false},"author":1,"featured_media":0,"parent":0,"menu_order":0,"comment_status":"closed","ping_status":"closed","template":"","meta":[],"_links":{"self":[{"href":"http:\/\/theoretikerclub.de\/index.php\/wp-json\/wp\/v2\/pages\/22"}],"collection":[{"href":"http:\/\/theoretikerclub.de\/index.php\/wp-json\/wp\/v2\/pages"}],"about":[{"href":"http:\/\/theoretikerclub.de\/index.php\/wp-json\/wp\/v2\/types\/page"}],"author":[{"embeddable":true,"href":"http:\/\/theoretikerclub.de\/index.php\/wp-json\/wp\/v2\/users\/1"}],"replies":[{"embeddable":true,"href":"http:\/\/theoretikerclub.de\/index.php\/wp-json\/wp\/v2\/comments?post=22"}],"version-history":[{"count":10,"href":"http:\/\/theoretikerclub.de\/index.php\/wp-json\/wp\/v2\/pages\/22\/revisions"}],"predecessor-version":[{"id":128,"href":"http:\/\/theoretikerclub.de\/index.php\/wp-json\/wp\/v2\/pages\/22\/revisions\/128"}],"wp:attachment":[{"href":"http:\/\/theoretikerclub.de\/index.php\/wp-json\/wp\/v2\/media?parent=22"}],"curies":[{"name":"wp","href":"https:\/\/api.w.org\/{rel}","templated":true}]}}